{"id":973,"date":"2018-04-16T11:45:58","date_gmt":"2018-04-16T09:45:58","guid":{"rendered":"https:\/\/vps147162.ovh.net\/wavre\/?page_id=973"},"modified":"2018-04-26T10:28:21","modified_gmt":"2018-04-26T08:28:21","slug":"mentions-legales","status":"publish","type":"page","link":"https:\/\/jogging.synazone.net\/wavre\/mentions-legales\/","title":{"rendered":"Mentions l\u00e9gales"},"content":{"rendered":"<h3>Soci\u00e9t\u00e9<\/h3>\n<p>ELA asbl<\/p>\n<h3>Adresse<\/h3>\n<p>25, rue de Haneffe<br \/>\n4537 Verlaine<br \/>\n(Belgique)<\/p>\n<h3>Num\u00e9ro d\u2019entreprise<\/h3>\n<p>0859.874.118<\/p>\n<h3>Nous contacter<\/h3>\n<p><em>T\u00e9l\u00e9phone<\/em>: 0032 04\/259.42.60<br \/>\n<em>E-Mail<\/em>:\u00a0<a href=\"http:\/\/ela-asso.be\/index.php\/contact\/\" target=\"blank\">via ce formulaire<\/a><\/p>\n","protected":false},"excerpt":{"rendered":"<p>Soci\u00e9t\u00e9 ELA asbl Adresse 25, rue de Haneffe 4537 Verlaine (Belgique) Num\u00e9ro d\u2019entreprise 0859.874.118 Nous contacter T\u00e9l\u00e9phone: 0032 04\/259.42.60 E-Mail:\u00a0via ce formulaire<\/p>\n","protected":false},"author":5,"featured_media":0,"parent":0,"menu_order":0,"comment_status":"closed","ping_status":"closed","template":"","meta":{"footnotes":""},"class_list":["post-973","page","type-page","status-publish","hentry"],"_links":{"self":[{"href":"https:\/\/jogging.synazone.net\/wavre\/wp-json\/wp\/v2\/pages\/973","targetHints":{"allow":["GET"]}}],"collection":[{"href":"https:\/\/jogging.synazone.net\/wavre\/wp-json\/wp\/v2\/pages"}],"about":[{"href":"https:\/\/jogging.synazone.net\/wavre\/wp-json\/wp\/v2\/types\/page"}],"author":[{"embeddable":true,"href":"https:\/\/jogging.synazone.net\/wavre\/wp-json\/wp\/v2\/users\/5"}],"replies":[{"embeddable":true,"href":"https:\/\/jogging.synazone.net\/wavre\/wp-json\/wp\/v2\/comments?post=973"}],"version-history":[{"count":3,"href":"https:\/\/jogging.synazone.net\/wavre\/wp-json\/wp\/v2\/pages\/973\/revisions"}],"predecessor-version":[{"id":1153,"href":"https:\/\/jogging.synazone.net\/wavre\/wp-json\/wp\/v2\/pages\/973\/revisions\/1153"}],"wp:attachment":[{"href":"https:\/\/jogging.synazone.net\/wavre\/wp-json\/wp\/v2\/media?parent=973"}],"curies":[{"name":"wp","href":"https:\/\/api.w.org\/{rel}","templated":true}]}}