{"id":4,"date":"2017-04-21T09:54:43","date_gmt":"2017-04-21T07:54:43","guid":{"rendered":"https:\/\/jogging.liegesciencepark.net\/?page_id=4"},"modified":"2026-01-23T14:57:10","modified_gmt":"2026-01-23T13:57:10","slug":"home-2-2","status":"publish","type":"page","link":"https:\/\/jogging.synazone.net\/louvainlaneuve\/","title":{"rendered":"Home"},"content":{"rendered":"<div id=\"pl-4\"  class=\"panel-layout\" ><div id=\"pg-4-0\"  class=\"panel-grid panel-has-style\" ><div style=\"padding: 100px 0; \" data-overlay=\"true\" data-overlay-color=\"#000000\" class=\"panel-row-style panel-row-style-for-4-0\" ><div id=\"pgc-4-0-0\"  class=\"panel-grid-cell\" ><div id=\"panel-4-0-0-0\" class=\"so-panel widget widget_sow-editor panel-first-child\" data-index=\"0\" ><div style=\"text-align: left;\" data-title-color=\"#443f3f\" data-headings-color=\"#443f3f\" class=\"panel-widget-style panel-widget-style-for-4-0-0-0\" ><div\n\t\t\t\n\t\t\tclass=\"so-widget-sow-editor so-widget-sow-editor-base\"\n\t\t\t\n\t\t><h3 class=\"widget-title\">Jogging-Marche Entreprises-Universit\u00e9 de Louvain-la-Neuve \"E 20\"<\/h3>\n<div class=\"siteorigin-widget-tinymce textwidget\">\n\t<\/div>\n<\/div><\/div><\/div><div id=\"panel-4-0-0-1\" class=\"so-panel widget widget_sow-image\" data-index=\"1\" ><div style=\"text-align: left;\" data-title-color=\"#443f3f\" data-headings-color=\"#443f3f\" class=\"panel-widget-style panel-widget-style-for-4-0-0-1\" ><div\n\t\t\t\n\t\t\tclass=\"so-widget-sow-image so-widget-sow-image-default-c67d20f9f743-4\"\n\t\t\t\n\t\t>\n<div class=\"sow-image-container\">\n\t\t<img \n\tsrc=\"https:\/\/jogging.synazone.net\/louvainlaneuve\/wp-content\/uploads\/sites\/14\/2026\/01\/LLN-Affiche-Nouvelle-Version2-scaled.png\" width=\"2560\" height=\"1280\" srcset=\"https:\/\/jogging.synazone.net\/louvainlaneuve\/wp-content\/uploads\/sites\/14\/2026\/01\/LLN-Affiche-Nouvelle-Version2-scaled.png 2560w, https:\/\/jogging.synazone.net\/louvainlaneuve\/wp-content\/uploads\/sites\/14\/2026\/01\/LLN-Affiche-Nouvelle-Version2-300x150.png 300w, https:\/\/jogging.synazone.net\/louvainlaneuve\/wp-content\/uploads\/sites\/14\/2026\/01\/LLN-Affiche-Nouvelle-Version2-1024x512.png 1024w, https:\/\/jogging.synazone.net\/louvainlaneuve\/wp-content\/uploads\/sites\/14\/2026\/01\/LLN-Affiche-Nouvelle-Version2-768x384.png 768w, https:\/\/jogging.synazone.net\/louvainlaneuve\/wp-content\/uploads\/sites\/14\/2026\/01\/LLN-Affiche-Nouvelle-Version2-1536x768.png 1536w, https:\/\/jogging.synazone.net\/louvainlaneuve\/wp-content\/uploads\/sites\/14\/2026\/01\/LLN-Affiche-Nouvelle-Version2-2048x1024.png 2048w, https:\/\/jogging.synazone.net\/louvainlaneuve\/wp-content\/uploads\/sites\/14\/2026\/01\/LLN-Affiche-Nouvelle-Version2-1000x500.png 1000w, https:\/\/jogging.synazone.net\/louvainlaneuve\/wp-content\/uploads\/sites\/14\/2026\/01\/LLN-Affiche-Nouvelle-Version2-230x115.png 230w, https:\/\/jogging.synazone.net\/louvainlaneuve\/wp-content\/uploads\/sites\/14\/2026\/01\/LLN-Affiche-Nouvelle-Version2-350x175.png 350w, https:\/\/jogging.synazone.net\/louvainlaneuve\/wp-content\/uploads\/sites\/14\/2026\/01\/LLN-Affiche-Nouvelle-Version2-480x240.png 480w\" sizes=\"(max-width: 2560px) 100vw, 2560px\" title=\"LLN-Affiche-Nouvelle Version2\" alt=\"\" \t\tclass=\"so-widget-image\"\/>\n\t<\/div>\n\n<\/div><\/div><\/div><div id=\"panel-4-0-0-2\" class=\"so-panel widget widget_sow-editor\" data-index=\"2\" ><div style=\"text-align: left;\" data-title-color=\"#443f3f\" data-headings-color=\"#443f3f\" class=\"panel-widget-style panel-widget-style-for-4-0-0-2\" ><div\n\t\t\t\n\t\t\tclass=\"so-widget-sow-editor so-widget-sow-editor-base\"\n\t\t\t\n\t\t>\n<div class=\"siteorigin-widget-tinymce textwidget\">\n\t<p style=\"text-align: center\">L'\u00e9dition 2026 du jogging-marche Entreprise\u00a0 et Universit\u00e9 de Louvain-la-Neuve.<\/p>\n<p style=\"text-align: center\"><strong>D\u00e9part de l'Avenue Ath\u00e9na (Vers le Golf)<\/strong><\/p>\n<p style=\"text-align: center\">Vous pourrez participer le Mardi 12 mai 2026 de 12h00 \u00e0 14h00<\/p>\n<p style=\"text-align: center\"><em><strong>Cl\u00f4ture des inscriptions le mardi 05 mai 2026<\/strong><\/em><\/p>\n<\/div>\n<\/div><\/div><\/div><div id=\"panel-4-0-0-3\" class=\"so-panel widget widget_sow-button\" data-index=\"3\" ><div style=\"text-align: left;\" data-title-color=\"#443f3f\" data-headings-color=\"#443f3f\" class=\"panel-widget-style panel-widget-style-for-4-0-0-3\" ><div\n\t\t\t\n\t\t\tclass=\"so-widget-sow-button so-widget-sow-button-atom-60a158ee523e-4\"\n\t\t\t\n\t\t><div class=\"ow-button-base ow-button-align-center\"\n>\n\t\t\t<a\n\t\t\t\t\thref=\"http:\/\/ela-asso.be\/index.php\/faites-un-don\/\"\n\t\t\t\t\tclass=\"sowb-button ow-icon-placement-left ow-button-hover\" target=\"_blank\" rel=\"noopener noreferrer\" \t>\n\t\t<span>\n\t\t\t\n\t\t\tJe fais un don\t\t<\/span>\n\t\t\t<\/a>\n\t<\/div>\n<\/div><\/div><\/div><div id=\"panel-4-0-0-4\" class=\"so-panel widget widget_sow-editor panel-last-child\" data-index=\"4\" ><div style=\"text-align: left;\" data-title-color=\"#443f3f\" data-headings-color=\"#443f3f\" class=\"panel-widget-style panel-widget-style-for-4-0-0-4\" ><div\n\t\t\t\n\t\t\tclass=\"so-widget-sow-editor so-widget-sow-editor-base\"\n\t\t\t\n\t\t>\n<div class=\"siteorigin-widget-tinymce textwidget\">\n\t<p style=\"text-align: center\">Tous les dons sont d\u00e9ductibles des imp\u00f4ts \u00e0 partir de 40 euros.<\/p>\n<\/div>\n<\/div><\/div><\/div><\/div><\/div><\/div><div id=\"pg-4-1\"  class=\"panel-grid panel-has-style\" ><div style=\"padding: 100px 0; \" data-overlay=\"true\" data-overlay-color=\"#000000\" class=\"panel-row-style panel-row-style-for-4-1\" ><div id=\"pgc-4-1-0\"  class=\"panel-grid-cell\" ><div id=\"panel-4-1-0-0\" class=\"so-panel widget widget_sow-image panel-first-child panel-last-child\" data-index=\"5\" ><div style=\"text-align: left;\" data-title-color=\"#443f3f\" data-headings-color=\"#443f3f\" class=\"panel-widget-style panel-widget-style-for-4-1-0-0\" ><div\n\t\t\t\n\t\t\tclass=\"so-widget-sow-image so-widget-sow-image-default-8b5b6f678277-4\"\n\t\t\t\n\t\t>\n<div class=\"sow-image-container\">\n\t\t<img \n\tsrc=\"https:\/\/jogging.synazone.net\/louvainlaneuve\/wp-content\/uploads\/sites\/14\/2018\/09\/accueil-LLN.png\" width=\"629\" height=\"943\" srcset=\"https:\/\/jogging.synazone.net\/louvainlaneuve\/wp-content\/uploads\/sites\/14\/2018\/09\/accueil-LLN.png 629w, https:\/\/jogging.synazone.net\/louvainlaneuve\/wp-content\/uploads\/sites\/14\/2018\/09\/accueil-LLN-200x300.png 200w, https:\/\/jogging.synazone.net\/louvainlaneuve\/wp-content\/uploads\/sites\/14\/2018\/09\/accueil-LLN-230x345.png 230w, https:\/\/jogging.synazone.net\/louvainlaneuve\/wp-content\/uploads\/sites\/14\/2018\/09\/accueil-LLN-350x525.png 350w, https:\/\/jogging.synazone.net\/louvainlaneuve\/wp-content\/uploads\/sites\/14\/2018\/09\/accueil-LLN-480x720.png 480w\" sizes=\"(max-width: 629px) 100vw, 629px\" title=\"accueil LLN\" alt=\"\" \t\tclass=\"so-widget-image\"\/>\n\t<\/div>\n\n<\/div><\/div><\/div><\/div><div id=\"pgc-4-1-1\"  class=\"panel-grid-cell\" ><div id=\"panel-4-1-1-0\" class=\"so-panel widget widget_sow-editor panel-first-child\" data-index=\"6\" ><div style=\"text-align: left;\" data-title-color=\"#443f3f\" data-headings-color=\"#443f3f\" class=\"panel-widget-style panel-widget-style-for-4-1-1-0\" ><div\n\t\t\t\n\t\t\tclass=\"so-widget-sow-editor so-widget-sow-editor-base\"\n\t\t\t\n\t\t><h3 class=\"widget-title\">FORMULE <\/h3>\n<div class=\"siteorigin-widget-tinymce textwidget\">\n\t<p>Les participants peuvent s'inscrire via Synazone:<\/p>\n<ul>\n<li>Prix unique\u00a0 par participant (joggeur ou marcheur) : 25\u20ac<\/li>\n<li>Soft : 2,50\u20ac<\/li>\n<li>Repas :\u00a0 Sandwich jambon crudit\u00e9s ou sandwich fromage crudit\u00e9s (1\/2 baguette) : 6\u20ac<\/li>\n<li>Possibilit\u00e9 de faire un don \u00e0 tout moment<\/li>\n<li>Commander des goodies<\/li>\n<\/ul>\n<p>Les dons sont \u00e0 effectuer sur le compte de l\u2019Association : ELA n\u00b0 BE66 1144 7275 0143 avec la mention \u00ab Challenge ELA Louvain-La-Neuve 2026 \u00bb.<\/p>\n<p><strong>Tous<\/strong> les dons <strong>sup\u00e9rieurs<\/strong> \u00e0 40\u20ac sont d\u00e9ductibles de<strong> vos imp\u00f4ts<\/strong>.<\/p>\n<\/div>\n<\/div><\/div><\/div><div id=\"panel-4-1-1-1\" class=\"so-panel widget widget_sow-button panel-last-child\" data-index=\"7\" ><div style=\"text-align: left;\" data-title-color=\"#443f3f\" data-headings-color=\"#443f3f\" class=\"panel-widget-style panel-widget-style-for-4-1-1-1\" ><div\n\t\t\t\n\t\t\tclass=\"so-widget-sow-button so-widget-sow-button-atom-9fcf626441ec-4\"\n\t\t\t\n\t\t><div class=\"ow-button-base ow-button-align-center\"\n>\n\t\t\t<a\n\t\t\t\t\thref=\"https:\/\/lln.synazone.net\/jogging\"\n\t\t\t\t\tclass=\"sowb-button ow-icon-placement-left ow-button-hover\" target=\"_blank\" rel=\"noopener noreferrer\" \t>\n\t\t<span>\n\t\t\t\n\t\t\tJe m'inscris\t\t<\/span>\n\t\t\t<\/a>\n\t<\/div>\n<\/div><\/div><\/div><\/div><\/div><\/div><div id=\"pg-4-2\"  class=\"panel-grid panel-has-style\" ><div style=\"padding: 100px 0; \" data-overlay=\"true\" data-overlay-color=\"#000000\" class=\"panel-row-style panel-row-style-for-4-2\" ><div id=\"pgc-4-2-0\"  class=\"panel-grid-cell\" ><div id=\"panel-4-2-0-0\" class=\"so-panel widget widget_sow-editor panel-first-child panel-last-child\" data-index=\"8\" ><div style=\"text-align: left;\" data-title-color=\"#443f3f\" data-headings-color=\"#443f3f\" class=\"panel-widget-style panel-widget-style-for-4-2-0-0\" ><div\n\t\t\t\n\t\t\tclass=\"so-widget-sow-editor so-widget-sow-editor-base\"\n\t\t\t\n\t\t><h3 class=\"widget-title\">B\u00e9n\u00e9fices au profit d'ELA<\/h3>\n<div class=\"siteorigin-widget-tinymce textwidget\">\n\t<p>La totalit\u00e9 des b\u00e9n\u00e9fices de cette op\u00e9ration sera vers\u00e9e \u00e0 l\u2019association <a href=\"http:\/\/www.ela.be\" target=\"_blank\" rel=\"noopener noreferrer\">ELA Belgique<\/a>, afin de soutenir la lutte contre les leucodystrophies, de terribles maladies g\u00e9n\u00e9tiques et orphelines. Incurables, elles atteignent le syst\u00e8me nerveux central et d\u00e9truisent peu \u00e0 peu toutes les fonctions vitales.<\/p>\n<p>Les joggings-marches repr\u00e9sentent 80% des recettes d\u2019ELA Belgique. En 17 ans, l\u2019\u00e9v\u00e9nement de LOUVAIN-LA-NEUVE a rassembl\u00e9 <strong>7.149<\/strong>\u00a0personnes et<strong> 206.340,50 \u20ac<\/strong>.<\/p>\n<p>Et c\u2019est gr\u00e2ce \u00e0 vous, futur participant, sponsor ou donateur, que la lutte contre les Leucodystrophies pourra continuer.<\/p>\n<p>Les dons sont \u00e0 effectuer sur le compte de l\u2019Association : ELA n\u00b0 BE66 1144 7275 0143 avec la mention \u00ab Challenge ELA LOUVAIN-LA-NEUVE 2026\u00bb.<\/p>\n<p>Tous les versements sup\u00e9rieurs \u00e0 40 \u20ac sont d\u00e9ductibles de vos imp\u00f4ts.<\/p>\n<p>&nbsp;<\/p>\n<\/div>\n<\/div><\/div><\/div><\/div><div id=\"pgc-4-2-1\"  class=\"panel-grid-cell\" ><div id=\"panel-4-2-1-0\" class=\"so-panel widget widget_sow-image panel-first-child panel-last-child\" data-index=\"9\" ><div style=\"text-align: left;\" data-title-color=\"#443f3f\" data-headings-color=\"#443f3f\" class=\"panel-widget-style panel-widget-style-for-4-2-1-0\" ><div\n\t\t\t\n\t\t\tclass=\"so-widget-sow-image so-widget-sow-image-default-8b5b6f678277-4\"\n\t\t\t\n\t\t>\n<div class=\"sow-image-container\">\n\t\t<img \n\tsrc=\"https:\/\/jogging.synazone.net\/louvainlaneuve\/wp-content\/uploads\/sites\/14\/2018\/09\/accueil-lln-2.png\" width=\"400\" height=\"600\" srcset=\"https:\/\/jogging.synazone.net\/louvainlaneuve\/wp-content\/uploads\/sites\/14\/2018\/09\/accueil-lln-2.png 400w, https:\/\/jogging.synazone.net\/louvainlaneuve\/wp-content\/uploads\/sites\/14\/2018\/09\/accueil-lln-2-200x300.png 200w, https:\/\/jogging.synazone.net\/louvainlaneuve\/wp-content\/uploads\/sites\/14\/2018\/09\/accueil-lln-2-230x345.png 230w, https:\/\/jogging.synazone.net\/louvainlaneuve\/wp-content\/uploads\/sites\/14\/2018\/09\/accueil-lln-2-350x525.png 350w\" sizes=\"(max-width: 400px) 100vw, 400px\" title=\"accueil lln 2\" alt=\"\" \t\tclass=\"so-widget-image\"\/>\n\t<\/div>\n\n<\/div><\/div><\/div><\/div><\/div><\/div><\/div>","protected":false},"excerpt":{"rendered":"<p>L&rsquo;\u00e9dition 2026 du jogging-marche Entreprise\u00a0 et Universit\u00e9 de Louvain-la-Neuve. D\u00e9part de l&rsquo;Avenue Ath\u00e9na (Vers le Golf) Vous pourrez participer le Mardi 12 [&hellip;]<\/p>\n","protected":false},"author":6,"featured_media":0,"parent":0,"menu_order":0,"comment_status":"closed","ping_status":"closed","template":"page-templates\/page_front-page.php","meta":{"footnotes":""},"class_list":["post-4","page","type-page","status-publish","hentry"],"_links":{"self":[{"href":"https:\/\/jogging.synazone.net\/louvainlaneuve\/wp-json\/wp\/v2\/pages\/4","targetHints":{"allow":["GET"]}}],"collection":[{"href":"https:\/\/jogging.synazone.net\/louvainlaneuve\/wp-json\/wp\/v2\/pages"}],"about":[{"href":"https:\/\/jogging.synazone.net\/louvainlaneuve\/wp-json\/wp\/v2\/types\/page"}],"author":[{"embeddable":true,"href":"https:\/\/jogging.synazone.net\/louvainlaneuve\/wp-json\/wp\/v2\/users\/6"}],"replies":[{"embeddable":true,"href":"https:\/\/jogging.synazone.net\/louvainlaneuve\/wp-json\/wp\/v2\/comments?post=4"}],"version-history":[{"count":248,"href":"https:\/\/jogging.synazone.net\/louvainlaneuve\/wp-json\/wp\/v2\/pages\/4\/revisions"}],"predecessor-version":[{"id":3909,"href":"https:\/\/jogging.synazone.net\/louvainlaneuve\/wp-json\/wp\/v2\/pages\/4\/revisions\/3909"}],"wp:attachment":[{"href":"https:\/\/jogging.synazone.net\/louvainlaneuve\/wp-json\/wp\/v2\/media?parent=4"}],"curies":[{"name":"wp","href":"https:\/\/api.w.org\/{rel}","templated":true}]}}