{"id":2950,"date":"2021-09-22T14:01:06","date_gmt":"2021-09-22T12:01:06","guid":{"rendered":"https:\/\/jogging.synazone.net\/initialis\/?page_id=2950"},"modified":"2025-07-02T12:01:17","modified_gmt":"2025-07-02T10:01:17","slug":"challenge","status":"publish","type":"page","link":"https:\/\/jogging.synazone.net\/initialis\/challenge\/","title":{"rendered":"Challenge"},"content":{"rendered":"<div id=\"pl-2950\"  class=\"panel-layout\" ><div id=\"pg-2950-0\"  class=\"panel-grid panel-has-style\" ><div style=\"padding: 100px 0; \" data-overlay=\"true\" data-overlay-color=\"#000000\" class=\"panel-row-style panel-row-style-for-2950-0\" ><div id=\"pgc-2950-0-0\"  class=\"panel-grid-cell\" ><div id=\"panel-2950-0-0-0\" class=\"so-panel widget widget_sow-image panel-first-child\" data-index=\"0\" ><div style=\"text-align: left;\" data-title-color=\"#443f3f\" data-headings-color=\"#443f3f\" class=\"panel-widget-style panel-widget-style-for-2950-0-0-0\" ><div\n\t\t\t\n\t\t\tclass=\"so-widget-sow-image so-widget-sow-image-default-c67d20f9f743-2950\"\n\t\t\t\n\t\t><h3 class=\"widget-title\">Plus vous marchez, plus nous avan\u00e7ons !<\/h3>\n<div class=\"sow-image-container\">\n\t\t<img \n\tsrc=\"https:\/\/jogging.synazone.net\/initialis\/wp-content\/uploads\/sites\/15\/2025\/07\/8-ELA-INITIALIS-1000.jpg\" width=\"1000\" height=\"500\" srcset=\"https:\/\/jogging.synazone.net\/initialis\/wp-content\/uploads\/sites\/15\/2025\/07\/8-ELA-INITIALIS-1000.jpg 1000w, https:\/\/jogging.synazone.net\/initialis\/wp-content\/uploads\/sites\/15\/2025\/07\/8-ELA-INITIALIS-1000-300x150.jpg 300w, https:\/\/jogging.synazone.net\/initialis\/wp-content\/uploads\/sites\/15\/2025\/07\/8-ELA-INITIALIS-1000-768x384.jpg 768w, https:\/\/jogging.synazone.net\/initialis\/wp-content\/uploads\/sites\/15\/2025\/07\/8-ELA-INITIALIS-1000-230x115.jpg 230w, https:\/\/jogging.synazone.net\/initialis\/wp-content\/uploads\/sites\/15\/2025\/07\/8-ELA-INITIALIS-1000-350x175.jpg 350w, https:\/\/jogging.synazone.net\/initialis\/wp-content\/uploads\/sites\/15\/2025\/07\/8-ELA-INITIALIS-1000-480x240.jpg 480w\" sizes=\"(max-width: 1000px) 100vw, 1000px\" title=\"Plus vous marchez, plus nous avan\u00e7ons !\" alt=\"\" \t\tclass=\"so-widget-image\"\/>\n\t<\/div>\n\n<\/div><\/div><\/div><div id=\"panel-2950-0-0-1\" class=\"so-panel widget widget_sow-editor\" data-index=\"1\" ><div style=\"text-align: left;\" data-title-color=\"#443f3f\" data-headings-color=\"#443f3f\" class=\"panel-widget-style panel-widget-style-for-2950-0-0-1\" ><div\n\t\t\t\n\t\t\tclass=\"so-widget-sow-editor so-widget-sow-editor-base\"\n\t\t\t\n\t\t><h3 class=\"widget-title\">COMMENT PARTICIPER ?<\/h3>\n<div class=\"siteorigin-widget-tinymce textwidget\">\n\t<h3><strong>Inscrivez-vous d\u00e8s \u00e0 pr\u00e9sent\u00a0:<\/strong><\/h3>\n<p><strong>Si vous participez au nom d\u2019une entreprise<\/strong>, d\u00e9signez un <strong>coordinateur <\/strong>qui inscrit d\u2019abord l\u2019entreprise pour centraliser l\u2019inscription de tous ses participants ainsi que les \u00e9ventuelles commandes (coffrets d\u00e9gustation, goodies, \u2026).<\/p>\n<h4 style=\"text-align: center\">Rendez-vous le jeudi 16 octobre 25 de 12h00 \u00e0 14h00 :<\/h4>\n<p style=\"text-align: center\"><strong>Parking de l'entreprise Materia Nova <\/strong><\/p>\n<p style=\"text-align: center\">3 Avenue Nicolas Copernic - 7000 Mons \"Parc Initialis\"<\/p>\n<p>&nbsp;<\/p>\n<p style=\"text-align: center\"><strong>Cl\u00f4ture des inscriptions le Mardi 7 octobre 2025 \u00e0 16h00<\/strong><\/p>\n<\/div>\n<\/div><\/div><\/div><div id=\"panel-2950-0-0-2\" class=\"so-panel widget widget_sow-button panel-last-child\" data-index=\"2\" ><div style=\"text-align: left;\" data-title-color=\"#443f3f\" data-headings-color=\"#443f3f\" class=\"panel-widget-style panel-widget-style-for-2950-0-0-2\" ><div\n\t\t\t\n\t\t\tclass=\"so-widget-sow-button so-widget-sow-button-atom-43a54b29be60-2950\"\n\t\t\t\n\t\t><div class=\"ow-button-base ow-button-align-center\"\n>\n\t\t\t<a\n\t\t\t\t\thref=\"https:\/\/initialis.synazone.net\/jogging\"\n\t\t\t\t\tclass=\"sowb-button ow-icon-placement-left ow-button-hover\" target=\"_blank\" rel=\"noopener noreferrer\" \t>\n\t\t<span>\n\t\t\t<span class=\"sow-icon-genericons\" data-sow-icon=\"&#xf411;\"\n\t\tstyle=\"\" \n\t\taria-hidden=\"true\"><\/span>\n\t\t\tINSCRIPTION\t\t<\/span>\n\t\t\t<\/a>\n\t<\/div>\n<\/div><\/div><\/div><\/div><\/div><\/div><div id=\"pg-2950-1\"  class=\"panel-grid panel-has-style\" ><div style=\"padding: 0px 0; \" data-overlay=\"true\" data-overlay-color=\"#000000\" class=\"panel-row-style panel-row-style-for-2950-1\" ><div id=\"pgc-2950-1-0\"  class=\"panel-grid-cell\" ><div id=\"panel-2950-1-0-0\" class=\"so-panel widget widget_sow-editor panel-first-child panel-last-child\" data-index=\"3\" ><div style=\"text-align: left;\" data-title-color=\"#443f3f\" data-headings-color=\"#443f3f\" class=\"panel-widget-style panel-widget-style-for-2950-1-0-0\" ><div\n\t\t\t\n\t\t\tclass=\"so-widget-sow-editor so-widget-sow-editor-base\"\n\t\t\t\n\t\t>\n<div class=\"siteorigin-widget-tinymce textwidget\">\n\t<h3><strong>Bougez pour ELA, le jeudi 16 octobre 25 entre 12h00 et 14h00 :<\/strong><\/h3>\n<ul>\n<li>Comme marcheur - parcours de 2.92km.<\/li>\n<li>Comme joggeur (par \u00e9quipe de 3) - parcours de 5.84km (2 fois le parcours marcheurs \u00e0 l'envers).<\/li>\n<\/ul>\n<p><a href=\"https:\/\/initialis.synazone.net\/jogging\/traces\/44\" target=\"_blank\" rel=\"noopener\"><img decoding=\"async\" class=\"size-medium wp-image-2741 aligncenter\" src=\"https:\/\/jogging.synazone.net\/initialis\/wp-content\/uploads\/sites\/15\/2022\/10\/parcours2.png\" alt=\"\" width=\"450\" \/><\/a><\/p>\n<h3><\/h3>\n<h3>Un d\u00e9fi Team building solidaire et convivial !<\/h3>\n<h4>Restez avec nous et c\u00e9l\u00e9brez la 19e \u00e9dition du jogging, gr\u00e2ce au stand traiteur et le bar\u00a0 propos\u00e9\u00a0 par \u00e9quipe une \u00e9quipe de b\u00e9n\u00e9voles<\/h4>\n<ul>\n<li>Sandwich jambon, crudit\u00e9s et mayonnaise<\/li>\n<li>Sandwich fromage crudit\u00e9s et mayonnaise<\/li>\n<li>Soft<\/li>\n<\/ul>\n<p>&nbsp;<\/p>\n<\/div>\n<\/div><\/div><\/div><\/div><\/div><\/div><div id=\"pg-2950-2\"  class=\"panel-grid panel-has-style\" ><div style=\"padding: 0px 0; \" data-overlay=\"true\" data-overlay-color=\"#000000\" class=\"panel-row-style panel-row-style-for-2950-2\" ><div id=\"pgc-2950-2-0\"  class=\"panel-grid-cell\" ><div id=\"panel-2950-2-0-0\" class=\"so-panel widget widget_sow-editor panel-first-child\" data-index=\"4\" ><div style=\"text-align: left;\" data-title-color=\"#443f3f\" data-headings-color=\"#443f3f\" class=\"panel-widget-style panel-widget-style-for-2950-2-0-0\" ><div\n\t\t\t\n\t\t\tclass=\"so-widget-sow-editor so-widget-sow-editor-base\"\n\t\t\t\n\t\t><h3 class=\"widget-title\">Commandez des goodies<\/h3>\n<div class=\"siteorigin-widget-tinymce textwidget\">\n\t<p style=\"text-align: center\">Vous aurez le choix entre tous ces goodies lors de votre inscription.<\/p>\n<\/div>\n<\/div><\/div><\/div><div id=\"panel-2950-2-0-1\" class=\"so-panel widget widget_sow-button panel-last-child\" data-index=\"5\" ><div style=\"text-align: left;\" data-title-color=\"#443f3f\" data-headings-color=\"#443f3f\" class=\"panel-widget-style panel-widget-style-for-2950-2-0-1\" ><div\n\t\t\t\n\t\t\tclass=\"so-widget-sow-button so-widget-sow-button-atom-43a54b29be60-2950\"\n\t\t\t\n\t\t><div class=\"ow-button-base ow-button-align-center\"\n>\n\t\t\t<a\n\t\t\t\t\thref=\"https:\/\/jogging.synazone.net\/initialis\/goodies-2022\/\"\n\t\t\t\t\tclass=\"sowb-button ow-icon-placement-left ow-button-hover\" target=\"_blank\" rel=\"noopener noreferrer\" \t>\n\t\t<span>\n\t\t\t<span class=\"sow-icon-icomoon\" data-sow-icon=\"&#xe99f;\"\n\t\tstyle=\"\" \n\t\taria-hidden=\"true\"><\/span>\n\t\t\tVoir les goodies\t\t<\/span>\n\t\t\t<\/a>\n\t<\/div>\n<\/div><\/div><\/div><\/div><\/div><\/div><div id=\"pg-2950-3\"  class=\"panel-grid panel-has-style\" ><div style=\"padding: 100px 0; \" data-overlay=\"true\" data-overlay-color=\"#000000\" class=\"panel-row-style panel-row-style-for-2950-3\" ><div id=\"pgc-2950-3-0\"  class=\"panel-grid-cell\" ><div id=\"panel-2950-3-0-0\" class=\"so-panel widget widget_sow-editor panel-first-child\" data-index=\"6\" ><div style=\"text-align: left;\" data-title-color=\"#443f3f\" data-headings-color=\"#443f3f\" class=\"panel-widget-style panel-widget-style-for-2950-3-0-0\" ><div\n\t\t\t\n\t\t\tclass=\"so-widget-sow-editor so-widget-sow-editor-base\"\n\t\t\t\n\t\t><h3 class=\"widget-title\">Plus d'infos<\/h3>\n<div class=\"siteorigin-widget-tinymce textwidget\">\n\t<div id=\"panel-2535-2-0-0\" class=\"so-panel widget widget_sow-editor panel-first-child\" data-index=\"8\">\n<div class=\"panel-widget-style panel-widget-style-for-2535-2-0-0\" data-title-color=\"#443f3f\" data-headings-color=\"#443f3f\">\n<div class=\"so-widget-sow-editor so-widget-sow-editor-base\">\n<div class=\"siteorigin-widget-tinymce textwidget\">\n<p><span id=\"p0\"><span id=\"3\">E.L.A.,<\/span>\u00a0lutte contre une maladie qui\u00a0<span id=\"4\">paralyse<\/span>\u00a0peu \u00e0 peu les fonctions vitales.<\/span><\/p>\n<p><span id=\"p1\">Continuons notre combat ensemble, autour de nos valeurs de solidarit\u00e9 et de convivialit\u00e9.<\/span><\/p>\n<p><span id=\"p2\">Merci pour votre mobilisation !<\/span><\/p>\n<\/div>\n<\/div>\n<\/div>\n<\/div>\n<div id=\"panel-2535-2-0-1\" class=\"so-panel widget widget_sow-button panel-last-child\" data-index=\"9\">\n<div class=\"panel-widget-style panel-widget-style-for-2535-2-0-1\" data-title-color=\"#443f3f\" data-headings-color=\"#443f3f\">\n<div class=\"so-widget-sow-button so-widget-sow-button-atom-e99faf8aba09-2535\"><\/div>\n<\/div>\n<\/div>\n<\/div>\n<\/div><\/div><\/div><div id=\"panel-2950-3-0-1\" class=\"so-panel widget widget_sow-button panel-last-child\" data-index=\"7\" ><div style=\"text-align: left;\" data-title-color=\"#443f3f\" data-headings-color=\"#443f3f\" class=\"panel-widget-style panel-widget-style-for-2950-3-0-1\" ><div\n\t\t\t\n\t\t\tclass=\"so-widget-sow-button so-widget-sow-button-atom-43a41ba1ec31-2950\"\n\t\t\t\n\t\t><div class=\"ow-button-base ow-button-align-center\"\n>\n\t\t\t<a\n\t\t\t\t\thref=\"http:\/\/ela-asso.be\/index.php\/faites-un-don\/\"\n\t\t\t\t\tclass=\"sowb-button ow-icon-placement-left ow-button-hover\" target=\"_blank\" rel=\"noopener noreferrer\" \t>\n\t\t<span>\n\t\t\t\n\t\t\tJe fais un don\t\t<\/span>\n\t\t\t<\/a>\n\t<\/div>\n<\/div><\/div><\/div><\/div><div id=\"pgc-2950-3-1\"  class=\"panel-grid-cell\" ><div id=\"panel-2950-3-1-0\" class=\"so-panel widget widget_sow-image panel-first-child panel-last-child\" data-index=\"8\" ><div style=\"text-align: left;\" data-title-color=\"#443f3f\" data-headings-color=\"#443f3f\" class=\"panel-widget-style panel-widget-style-for-2950-3-1-0\" ><div\n\t\t\t\n\t\t\tclass=\"so-widget-sow-image so-widget-sow-image-default-8b5b6f678277-2950\"\n\t\t\t\n\t\t>\n<div class=\"sow-image-container\">\n\t\t<img \n\tsrc=\"https:\/\/jogging.synazone.net\/initialis\/wp-content\/uploads\/sites\/15\/2025\/07\/Photo-Groupe-Mons-Initialis-scaled.jpg\" width=\"2560\" height=\"845\" srcset=\"https:\/\/jogging.synazone.net\/initialis\/wp-content\/uploads\/sites\/15\/2025\/07\/Photo-Groupe-Mons-Initialis-scaled.jpg 2560w, https:\/\/jogging.synazone.net\/initialis\/wp-content\/uploads\/sites\/15\/2025\/07\/Photo-Groupe-Mons-Initialis-300x99.jpg 300w, https:\/\/jogging.synazone.net\/initialis\/wp-content\/uploads\/sites\/15\/2025\/07\/Photo-Groupe-Mons-Initialis-1024x338.jpg 1024w, https:\/\/jogging.synazone.net\/initialis\/wp-content\/uploads\/sites\/15\/2025\/07\/Photo-Groupe-Mons-Initialis-768x254.jpg 768w, https:\/\/jogging.synazone.net\/initialis\/wp-content\/uploads\/sites\/15\/2025\/07\/Photo-Groupe-Mons-Initialis-1536x507.jpg 1536w, https:\/\/jogging.synazone.net\/initialis\/wp-content\/uploads\/sites\/15\/2025\/07\/Photo-Groupe-Mons-Initialis-2048x676.jpg 2048w, https:\/\/jogging.synazone.net\/initialis\/wp-content\/uploads\/sites\/15\/2025\/07\/Photo-Groupe-Mons-Initialis-1000x330.jpg 1000w, https:\/\/jogging.synazone.net\/initialis\/wp-content\/uploads\/sites\/15\/2025\/07\/Photo-Groupe-Mons-Initialis-230x76.jpg 230w, https:\/\/jogging.synazone.net\/initialis\/wp-content\/uploads\/sites\/15\/2025\/07\/Photo-Groupe-Mons-Initialis-350x116.jpg 350w, https:\/\/jogging.synazone.net\/initialis\/wp-content\/uploads\/sites\/15\/2025\/07\/Photo-Groupe-Mons-Initialis-480x158.jpg 480w\" sizes=\"(max-width: 2560px) 100vw, 2560px\" title=\"Photo-Groupe-Mons-Initialis\" alt=\"\" \t\tclass=\"so-widget-image\"\/>\n\t<\/div>\n\n<\/div><\/div><\/div><\/div><\/div><\/div><\/div>","protected":false},"excerpt":{"rendered":"<p>Inscrivez-vous d\u00e8s \u00e0 pr\u00e9sent\u00a0: Si vous participez au nom d\u2019une entreprise, d\u00e9signez un coordinateur qui inscrit d\u2019abord l\u2019entreprise pour centraliser l\u2019inscription de [&hellip;]<\/p>\n","protected":false},"author":8,"featured_media":0,"parent":0,"menu_order":0,"comment_status":"closed","ping_status":"closed","template":"page-templates\/page_fullwidth.php","meta":{"footnotes":""},"class_list":["post-2950","page","type-page","status-publish","hentry"],"_links":{"self":[{"href":"https:\/\/jogging.synazone.net\/initialis\/wp-json\/wp\/v2\/pages\/2950","targetHints":{"allow":["GET"]}}],"collection":[{"href":"https:\/\/jogging.synazone.net\/initialis\/wp-json\/wp\/v2\/pages"}],"about":[{"href":"https:\/\/jogging.synazone.net\/initialis\/wp-json\/wp\/v2\/types\/page"}],"author":[{"embeddable":true,"href":"https:\/\/jogging.synazone.net\/initialis\/wp-json\/wp\/v2\/users\/8"}],"replies":[{"embeddable":true,"href":"https:\/\/jogging.synazone.net\/initialis\/wp-json\/wp\/v2\/comments?post=2950"}],"version-history":[{"count":78,"href":"https:\/\/jogging.synazone.net\/initialis\/wp-json\/wp\/v2\/pages\/2950\/revisions"}],"predecessor-version":[{"id":3289,"href":"https:\/\/jogging.synazone.net\/initialis\/wp-json\/wp\/v2\/pages\/2950\/revisions\/3289"}],"wp:attachment":[{"href":"https:\/\/jogging.synazone.net\/initialis\/wp-json\/wp\/v2\/media?parent=2950"}],"curies":[{"name":"wp","href":"https:\/\/api.w.org\/{rel}","templated":true}]}}