{"id":2763,"date":"2021-06-29T10:20:23","date_gmt":"2021-06-29T08:20:23","guid":{"rendered":"https:\/\/jogging.synazone.net\/crealys\/?page_id=2763"},"modified":"2021-07-01T10:14:00","modified_gmt":"2021-07-01T08:14:00","slug":"resultats-2021","status":"publish","type":"page","link":"https:\/\/jogging.synazone.net\/crealys\/resultats-2021\/","title":{"rendered":"R\u00e9sultats 2021"},"content":{"rendered":"<div id=\"pl-2763\"  class=\"panel-layout\" ><div id=\"pg-2763-0\"  class=\"panel-grid panel-has-style\" ><div style=\"padding: 100px 0; \" data-overlay=\"true\" data-overlay-color=\"#000000\" class=\"panel-row-style panel-row-style-for-2763-0\" ><div id=\"pgc-2763-0-0\"  class=\"panel-grid-cell\" ><div id=\"panel-2763-0-0-0\" class=\"so-panel widget widget_sow-editor panel-first-child panel-last-child\" data-index=\"0\" ><div style=\"text-align: left;\" data-title-color=\"#443f3f\" data-headings-color=\"#443f3f\" class=\"panel-widget-style panel-widget-style-for-2763-0-0-0\" ><div\n\t\t\t\n\t\t\tclass=\"so-widget-sow-editor so-widget-sow-editor-base\"\n\t\t\t\n\t\t>\n<div class=\"siteorigin-widget-tinymce textwidget\">\n\t<p>Bravo et merci \u00e0 tous pour votre fabuleuse mobilisation en soutien \u00e0 ELA Belgique asbl,<br \/>\nlors de cette \u00e9dition du Challenge \"CREALYS\" 2021 :<\/p>\n<ul>\n<li style=\"list-style-type: none;\">\n<ul>\n<li style=\"list-style-type: none;\">\n<ul>\n<li>68 participants<\/li>\n<li>4 organisations<\/li>\n<li>3.473 \u20ac de dons<\/li>\n<li>1 trace de parcours partag\u00e9e<\/li>\n<li>12 colis ap\u00e9ros<\/li>\n<\/ul>\n<\/li>\n<\/ul>\n<\/li>\n<\/ul>\n<p><a href=\"https:\/\/www.facebook.com\/ELABelgique\/\"><button style=\"padding: 5;\">Facebook d\u2019ELA Belgique<\/button><\/a><\/p>\n<p>673.597 pas, compt\u00e9s entre 12h00 et 14h00, montrant aux malades atteints de leucodystrophies, que c\u2019est ensemble que vous bougiez pour leur t\u00e9moigner votre soutien.<\/p>\n<p>Vous \u00eates magnifiques et fid\u00e8les \u00e0 ces valeurs de solidarit\u00e9 et convivialit\u00e9, ch\u00e8res au Parc CREALYS !<\/p>\n<\/div>\n<\/div><\/div><\/div><\/div><\/div><\/div><div id=\"pg-2763-1\"  class=\"panel-grid panel-has-style\" ><div style=\"padding: 100px 0; \" data-overlay=\"true\" data-overlay-color=\"#000000\" class=\"panel-row-style panel-row-style-for-2763-1\" ><div id=\"pgc-2763-1-0\"  class=\"panel-grid-cell\" ><div id=\"panel-2763-1-0-0\" class=\"so-panel widget widget_sow-image panel-first-child panel-last-child\" data-index=\"1\" ><div style=\"text-align: left;\" data-title-color=\"#443f3f\" data-headings-color=\"#443f3f\" class=\"panel-widget-style panel-widget-style-for-2763-1-0-0\" ><div\n\t\t\t\n\t\t\tclass=\"so-widget-sow-image so-widget-sow-image-default-c67d20f9f743-2763\"\n\t\t\t\n\t\t>\n<div class=\"sow-image-container\">\n\t\t<img \n\tsrc=\"https:\/\/jogging.synazone.net\/crealys\/wp-content\/uploads\/sites\/13\/2021\/06\/2021-RESULTATS-CREALYS.png\" width=\"506\" height=\"323\" srcset=\"https:\/\/jogging.synazone.net\/crealys\/wp-content\/uploads\/sites\/13\/2021\/06\/2021-RESULTATS-CREALYS.png 506w, https:\/\/jogging.synazone.net\/crealys\/wp-content\/uploads\/sites\/13\/2021\/06\/2021-RESULTATS-CREALYS-300x192.png 300w, https:\/\/jogging.synazone.net\/crealys\/wp-content\/uploads\/sites\/13\/2021\/06\/2021-RESULTATS-CREALYS-230x147.png 230w, https:\/\/jogging.synazone.net\/crealys\/wp-content\/uploads\/sites\/13\/2021\/06\/2021-RESULTATS-CREALYS-350x223.png 350w, https:\/\/jogging.synazone.net\/crealys\/wp-content\/uploads\/sites\/13\/2021\/06\/2021-RESULTATS-CREALYS-480x306.png 480w\" sizes=\"(max-width: 506px) 100vw, 506px\" alt=\"\" \t\tclass=\"so-widget-image\"\/>\n\t<\/div>\n\n<\/div><\/div><\/div><\/div><\/div><\/div><div id=\"pg-2763-2\"  class=\"panel-grid panel-has-style\" ><div style=\"padding: 100px 0; \" data-overlay=\"true\" data-overlay-color=\"#000000\" class=\"panel-row-style panel-row-style-for-2763-2\" ><div id=\"pgc-2763-2-0\"  class=\"panel-grid-cell\" ><div id=\"panel-2763-2-0-0\" class=\"so-panel widget widget_sow-editor panel-first-child panel-last-child\" data-index=\"2\" ><div style=\"text-align: left;\" data-title-color=\"#443f3f\" data-headings-color=\"#443f3f\" class=\"panel-widget-style panel-widget-style-for-2763-2-0-0\" ><div\n\t\t\t\n\t\t\tclass=\"so-widget-sow-editor so-widget-sow-editor-base\"\n\t\t\t\n\t\t><h3 class=\"widget-title\">Classement du plus grand nombre de pas<\/h3>\n<div class=\"siteorigin-widget-tinymce textwidget\">\n\t<p style=\"text-align: center;\">1. Bep\u00a0\u00a0\u00a0\u00a0\u00a0\u00a0\u00a0\u00a0\u00a0\u00a0\u00a0\u00a0\u00a0\u00a0\u00a0\u00a0\u00a0\u00a0\u00a0\u00a0\u00a0\u00a0\u00a0\u00a0\u00a0\u00a0\u00a0\u00a0\u00a0\u00a0\u00a0\u00a0\u00a0\u00a0\u00a0\u00a0\u00a0\u00a0\u00a0 361.775 pas<\/p>\n<p style=\"text-align: center;\">2. Corilus\u00a0\u00a0\u00a0\u00a0\u00a0\u00a0\u00a0\u00a0\u00a0\u00a0\u00a0\u00a0\u00a0\u00a0\u00a0\u00a0\u00a0\u00a0\u00a0\u00a0\u00a0\u00a0\u00a0\u00a0\u00a0\u00a0\u00a0\u00a0\u00a0\u00a0\u00a0\u00a0\u00a0 188.626 pas<\/p>\n<p style=\"text-align: center;\">3. Coris BioConcept\u00a0\u00a0\u00a0\u00a0\u00a0\u00a0\u00a0\u00a0\u00a0\u00a0\u00a0\u00a0\u00a0 \u00a0\u00a0\u00a0\u00a059.267 pas<\/p>\n<\/div>\n<\/div><\/div><\/div><\/div><div id=\"pgc-2763-2-1\"  class=\"panel-grid-cell\" ><div id=\"panel-2763-2-1-0\" class=\"so-panel widget widget_sow-editor panel-first-child panel-last-child\" data-index=\"3\" ><div style=\"text-align: left;\" data-title-color=\"#443f3f\" data-headings-color=\"#443f3f\" class=\"panel-widget-style panel-widget-style-for-2763-2-1-0\" ><div\n\t\t\t\n\t\t\tclass=\"so-widget-sow-editor so-widget-sow-editor-base\"\n\t\t\t\n\t\t><h3 class=\"widget-title\">Moyenne de pas par participant<\/h3>\n<div class=\"siteorigin-widget-tinymce textwidget\">\n\t<p style=\"text-align: center;\">1. Corilus\u00a0\u00a0\u00a0\u00a0\u00a0\u00a0\u00a0\u00a0\u00a0\u00a0\u00a0\u00a0\u00a0\u00a0\u00a0\u00a0\u00a0\u00a0\u00a0\u00a0\u00a0\u00a0\u00a0\u00a0\u00a0\u00a0\u00a0\u00a0\u00a0\u00a0\u00a0\u00a0\u00a0 11.095 pas<\/p>\n<p style=\"text-align: center;\">2. Bep\u00a0\u00a0\u00a0\u00a0\u00a0\u00a0\u00a0\u00a0\u00a0\u00a0\u00a0\u00a0\u00a0\u00a0\u00a0\u00a0\u00a0\u00a0\u00a0\u00a0\u00a0\u00a0\u00a0\u00a0\u00a0\u00a0\u00a0\u00a0\u00a0\u00a0\u00a0\u00a0\u00a0\u00a0\u00a0\u00a0\u00a0\u00a0\u00a0 10.464 pas<\/p>\n<p style=\"text-align: center;\">3. Civadis\u00a0\u00a0\u00a0\u00a0\u00a0\u00a0\u00a0\u00a0\u00a0\u00a0\u00a0\u00a0\u00a0\u00a0\u00a0\u00a0\u00a0\u00a0\u00a0\u00a0\u00a0\u00a0\u00a0\u00a0\u00a0\u00a0\u00a0\u00a0\u00a0\u00a0\u00a0\u00a0\u00a0\u00a0\u00a0 7.601 pas<\/p>\n<\/div>\n<\/div><\/div><\/div><\/div><\/div><\/div><div id=\"pg-2763-3\"  class=\"panel-grid panel-has-style\" ><div style=\"padding: 50px 0; \" data-overlay=\"true\" data-overlay-color=\"#000000\" class=\"panel-row-style panel-row-style-for-2763-3\" ><div id=\"pgc-2763-3-0\"  class=\"panel-grid-cell\" ><div id=\"panel-2763-3-0-0\" class=\"so-panel widget widget_sow-editor panel-first-child panel-last-child\" data-index=\"4\" ><div style=\"text-align: left;\" data-title-color=\"#443f3f\" data-headings-color=\"#443f3f\" class=\"panel-widget-style panel-widget-style-for-2763-3-0-0\" ><div\n\t\t\t\n\t\t\tclass=\"so-widget-sow-editor so-widget-sow-editor-base\"\n\t\t\t\n\t\t><h3 class=\"widget-title\">Classement Individuel<\/h3>\n<div class=\"siteorigin-widget-tinymce textwidget\">\n\t<p style=\"text-align: center;\">1. Graziano de chez Corilus avec un record ph\u00e9nom\u00e9nal de <strong>33.905 pas en 2 heures<\/strong><\/p>\n<p style=\"text-align: center;\">2. Eddy du BEP 18.343 pas<\/p>\n<p style=\"text-align: center;\">3. Nath de chez CIVADIS 13.236 pas<\/p>\n<\/div>\n<\/div><\/div><\/div><\/div><\/div><\/div><div id=\"pg-2763-4\"  class=\"panel-grid panel-has-style\" ><div style=\"padding: 0px 0; \" data-overlay=\"true\" data-overlay-color=\"#000000\" class=\"panel-row-style panel-row-style-for-2763-4\" ><div id=\"pgc-2763-4-0\"  class=\"panel-grid-cell\" ><div id=\"panel-2763-4-0-0\" class=\"so-panel widget widget_sow-editor panel-first-child panel-last-child\" data-index=\"5\" ><div style=\"text-align: left;\" data-title-color=\"#443f3f\" data-headings-color=\"#443f3f\" class=\"panel-widget-style panel-widget-style-for-2763-4-0-0\" ><div\n\t\t\t\n\t\t\tclass=\"so-widget-sow-editor so-widget-sow-editor-base\"\n\t\t\t\n\t\t><h3 class=\"widget-title\">Guillaume vous dit merci<\/h3>\n<div class=\"siteorigin-widget-tinymce textwidget\">\n\t<p style=\"text-align: center;\"><iframe loading=\"lazy\" style=\"border: none; overflow: hidden;\" src=\"https:\/\/www.facebook.com\/plugins\/video.php?height=314&amp;href=https%3A%2F%2Fwww.facebook.com%2FELABelgique%2Fvideos%2F205697921424104%2F&amp;show_text=false&amp;width=560&amp;t=0\" width=\"560\" height=\"314\" frameborder=\"0\" scrolling=\"no\" allowfullscreen=\"allowfullscreen\"><\/iframe><\/p>\n<\/div>\n<\/div><\/div><\/div><\/div><\/div><\/div><\/div>","protected":false},"excerpt":{"rendered":"<p>Bravo et merci \u00e0 tous pour votre fabuleuse mobilisation en soutien \u00e0 ELA Belgique asbl, lors de cette \u00e9dition du Challenge \u00ab\u00a0CREALYS\u00a0\u00bb [&hellip;]<\/p>\n","protected":false},"author":8,"featured_media":0,"parent":0,"menu_order":0,"comment_status":"closed","ping_status":"closed","template":"page-templates\/page_front-page.php","meta":{"footnotes":""},"class_list":["post-2763","page","type-page","status-publish","hentry"],"_links":{"self":[{"href":"https:\/\/jogging.synazone.net\/crealys\/wp-json\/wp\/v2\/pages\/2763","targetHints":{"allow":["GET"]}}],"collection":[{"href":"https:\/\/jogging.synazone.net\/crealys\/wp-json\/wp\/v2\/pages"}],"about":[{"href":"https:\/\/jogging.synazone.net\/crealys\/wp-json\/wp\/v2\/types\/page"}],"author":[{"embeddable":true,"href":"https:\/\/jogging.synazone.net\/crealys\/wp-json\/wp\/v2\/users\/8"}],"replies":[{"embeddable":true,"href":"https:\/\/jogging.synazone.net\/crealys\/wp-json\/wp\/v2\/comments?post=2763"}],"version-history":[{"count":42,"href":"https:\/\/jogging.synazone.net\/crealys\/wp-json\/wp\/v2\/pages\/2763\/revisions"}],"predecessor-version":[{"id":2824,"href":"https:\/\/jogging.synazone.net\/crealys\/wp-json\/wp\/v2\/pages\/2763\/revisions\/2824"}],"wp:attachment":[{"href":"https:\/\/jogging.synazone.net\/crealys\/wp-json\/wp\/v2\/media?parent=2763"}],"curies":[{"name":"wp","href":"https:\/\/api.w.org\/{rel}","templated":true}]}}