{"id":1998,"date":"2022-03-08T13:41:50","date_gmt":"2022-03-08T12:41:50","guid":{"rendered":"https:\/\/jogging.synazone.net\/idelux\/?page_id=1998"},"modified":"2026-01-23T14:48:39","modified_gmt":"2026-01-23T13:48:39","slug":"challenge","status":"publish","type":"page","link":"https:\/\/jogging.synazone.net\/athus\/challenge\/","title":{"rendered":"Challenge"},"content":{"rendered":"<div id=\"pl-1998\"  class=\"panel-layout\" ><div id=\"pg-1998-0\"  class=\"panel-grid panel-has-style\" ><div style=\"padding: 0px 0; \" data-overlay=\"true\" data-overlay-color=\"#000000\" class=\"panel-row-style panel-row-style-for-1998-0\" ><div id=\"pgc-1998-0-0\"  class=\"panel-grid-cell\" ><div id=\"panel-1998-0-0-0\" class=\"so-panel widget widget_sow-image panel-first-child\" data-index=\"0\" ><div style=\"text-align: left;\" data-title-color=\"#443f3f\" data-headings-color=\"#443f3f\" class=\"panel-widget-style panel-widget-style-for-1998-0-0-0\" ><div\n\t\t\t\n\t\t\tclass=\"so-widget-sow-image so-widget-sow-image-default-c67d20f9f743-1998\"\n\t\t\t\n\t\t><h3 class=\"widget-title\">Plus vous marchez, plus nous avan\u00e7ons !<\/h3>\n<div class=\"sow-image-container\">\n\t\t<img \n\tsrc=\"https:\/\/jogging.synazone.net\/athus\/wp-content\/uploads\/sites\/12\/2026\/01\/athus-Affiche-Nouvelle-version-2-scaled.png\" width=\"2560\" height=\"1280\" srcset=\"https:\/\/jogging.synazone.net\/athus\/wp-content\/uploads\/sites\/12\/2026\/01\/athus-Affiche-Nouvelle-version-2-scaled.png 2560w, https:\/\/jogging.synazone.net\/athus\/wp-content\/uploads\/sites\/12\/2026\/01\/athus-Affiche-Nouvelle-version-2-300x150.png 300w, https:\/\/jogging.synazone.net\/athus\/wp-content\/uploads\/sites\/12\/2026\/01\/athus-Affiche-Nouvelle-version-2-1024x512.png 1024w, https:\/\/jogging.synazone.net\/athus\/wp-content\/uploads\/sites\/12\/2026\/01\/athus-Affiche-Nouvelle-version-2-768x384.png 768w, https:\/\/jogging.synazone.net\/athus\/wp-content\/uploads\/sites\/12\/2026\/01\/athus-Affiche-Nouvelle-version-2-1536x768.png 1536w, https:\/\/jogging.synazone.net\/athus\/wp-content\/uploads\/sites\/12\/2026\/01\/athus-Affiche-Nouvelle-version-2-2048x1024.png 2048w, https:\/\/jogging.synazone.net\/athus\/wp-content\/uploads\/sites\/12\/2026\/01\/athus-Affiche-Nouvelle-version-2-1000x500.png 1000w, https:\/\/jogging.synazone.net\/athus\/wp-content\/uploads\/sites\/12\/2026\/01\/athus-Affiche-Nouvelle-version-2-230x115.png 230w, https:\/\/jogging.synazone.net\/athus\/wp-content\/uploads\/sites\/12\/2026\/01\/athus-Affiche-Nouvelle-version-2-350x175.png 350w, https:\/\/jogging.synazone.net\/athus\/wp-content\/uploads\/sites\/12\/2026\/01\/athus-Affiche-Nouvelle-version-2-480x240.png 480w\" sizes=\"(max-width: 2560px) 100vw, 2560px\" title=\"Plus vous marchez, plus nous avan\u00e7ons !\" alt=\"\" \t\tclass=\"so-widget-image\"\/>\n\t<\/div>\n\n<\/div><\/div><\/div><div id=\"panel-1998-0-0-1\" class=\"so-panel widget widget_sow-editor\" data-index=\"1\" ><div style=\"text-align: center;\" data-title-color=\"#443f3f\" data-headings-color=\"#443f3f\" class=\"panel-widget-style panel-widget-style-for-1998-0-0-1\" ><div\n\t\t\t\n\t\t\tclass=\"so-widget-sow-editor so-widget-sow-editor-base\"\n\t\t\t\n\t\t><h3 class=\"widget-title\">COMMENT PARTICIPER ?<\/h3>\n<div class=\"siteorigin-widget-tinymce textwidget\">\n\t<p style=\"text-align: center\"><strong>L'\u00e9dition 2026 du challenge Inter-Entreprises Luxembourgeois se fera :<\/strong><\/p>\n<p style=\"text-align: center\"><strong>Rendez-vous le Jeudi 23 avril 2026<\/strong><\/p>\n<p>&nbsp;<\/p>\n<h3 style=\"text-align: center\"><strong>Les inscriptions sont ouvertes <\/strong><\/h3>\n<h3 style=\"text-align: center\"><strong><span style=\"text-decoration: underline\">Cl\u00f4ture des inscriptions<\/span> le jeudi 16 avril 2026<\/strong><\/h3>\n<p>&nbsp;<\/p>\n<p>&nbsp;<\/p>\n<h3 style=\"text-align: left\"><\/h3>\n<h3 style=\"text-align: left\"><strong>Inscrire votre entreprise :<\/strong><\/h3>\n<p style=\"text-align: left\"><strong>Si vous participez au nom d\u2019une entreprise<\/strong>, d\u00e9signez un <strong>coordinateur <\/strong>qui inscrit d\u2019abord l\u2019entreprise pour centraliser l\u2019inscription de tous ses participants ainsi que les \u00e9ventuelles commandes (repas, goodies, \u2026).<\/p>\n<p style=\"text-align: left\">Chaque participant compl\u00e8te ensuite sa fiche personnelle, afin de passer commande, faire un don et recevoir les instructions pour le jour j.<\/p>\n<h4 style=\"text-align: left\">Rendez-vous le Jeudi 23 avril entre 12h et 14h :<\/h4>\n<p style=\"text-align: left\">22 rue Haute 6791 ATHUS<\/p>\n<p>&nbsp;<\/p>\n<\/div>\n<\/div><\/div><\/div><div id=\"panel-1998-0-0-2\" class=\"so-panel widget widget_sow-button\" data-index=\"2\" ><div style=\"text-align: left;\" data-title-color=\"#443f3f\" data-headings-color=\"#443f3f\" class=\"panel-widget-style panel-widget-style-for-1998-0-0-2\" ><div\n\t\t\t\n\t\t\tclass=\"so-widget-sow-button so-widget-sow-button-flat-66466acb9e12-1998\"\n\t\t\t\n\t\t><div class=\"ow-button-base ow-button-align-center\"\n>\n\t\t\t<a\n\t\t\t\t\thref=\"https:\/\/idelux.synazone.net\/jogging\"\n\t\t\t\t\tclass=\"sowb-button ow-icon-placement-left ow-button-hover\" target=\"_blank\" rel=\"noopener noreferrer\" \t>\n\t\t<span>\n\t\t\t\n\t\t\tINSCRIPTION\t\t<\/span>\n\t\t\t<\/a>\n\t<\/div>\n<\/div><\/div><\/div><div id=\"panel-1998-0-0-3\" class=\"so-panel widget widget_sow-editor\" data-index=\"3\" ><div style=\"text-align: left;\" data-title-color=\"#443f3f\" data-headings-color=\"#443f3f\" class=\"panel-widget-style panel-widget-style-for-1998-0-0-3\" ><div\n\t\t\t\n\t\t\tclass=\"so-widget-sow-editor so-widget-sow-editor-base\"\n\t\t\t\n\t\t><h3 class=\"widget-title\">Commandez vos repas<\/h3>\n<div class=\"siteorigin-widget-tinymce textwidget\">\n\t<p style=\"text-align: center\">Les repas sont propos\u00e9s par la caf\u00e9t\u00e9ria du RCS Athus<\/p>\n<p style=\"text-align: center\">Vous aurez le choix entre un pain hamburger, ou un pain saucisse Luxembourgeois : les thuringer (longue saucisses blanche) ou un sandwich fromage.<\/p>\n<p style=\"text-align: center\">Ticket boisson soft 2,50 euros.<\/p>\n<\/div>\n<\/div><\/div><\/div><div id=\"panel-1998-0-0-4\" class=\"so-panel widget widget_sow-editor panel-last-child\" data-index=\"4\" ><div style=\"text-align: left;\" data-title-color=\"#443f3f\" data-headings-color=\"#443f3f\" class=\"panel-widget-style panel-widget-style-for-1998-0-0-4\" ><div\n\t\t\t\n\t\t\tclass=\"so-widget-sow-editor so-widget-sow-editor-base\"\n\t\t\t\n\t\t><h3 class=\"widget-title\">Choisissez votre parcours<\/h3>\n<div class=\"siteorigin-widget-tinymce textwidget\">\n\t<p>Vous aurez le choix entre deux parcours le jour J. Un parcours joggeurs (par \u00e9quipe de 3) et un parcours marcheur.<\/p>\n<\/div>\n<\/div><\/div><\/div><\/div><\/div><\/div><div id=\"pg-1998-1\"  class=\"panel-grid panel-has-style\" ><div style=\"padding: 0px 0; \" data-overlay=\"true\" data-overlay-color=\"#000000\" class=\"panel-row-style panel-row-style-for-1998-1\" ><div id=\"pgc-1998-1-0\"  class=\"panel-grid-cell\" ><div id=\"panel-1998-1-0-0\" class=\"so-panel widget widget_sow-image panel-first-child panel-last-child\" data-index=\"5\" ><div style=\"text-align: left;\" data-title-color=\"#443f3f\" data-headings-color=\"#443f3f\" class=\"panel-widget-style panel-widget-style-for-1998-1-0-0\" ><div\n\t\t\t\n\t\t\tclass=\"so-widget-sow-image so-widget-sow-image-default-8b5b6f678277-1998\"\n\t\t\t\n\t\t><h3 class=\"widget-title\">Parcours Joggeurs 7 km<\/h3>\n<div class=\"sow-image-container\">\n\t\t\t<a href=\"https:\/\/idelux.synazone.net\/jogging\/traces\/56\"\n\t\t\ttarget=\"_blank\" rel=\"noopener noreferrer\" \t\t>\n\t\t\t<img \n\tsrc=\"https:\/\/jogging.synazone.net\/athus\/wp-content\/uploads\/sites\/12\/2025\/12\/CAP-7-km-joggeurs-2025-scaled.jpg\" width=\"2560\" height=\"1810\" srcset=\"https:\/\/jogging.synazone.net\/athus\/wp-content\/uploads\/sites\/12\/2025\/12\/CAP-7-km-joggeurs-2025-scaled.jpg 2560w, https:\/\/jogging.synazone.net\/athus\/wp-content\/uploads\/sites\/12\/2025\/12\/CAP-7-km-joggeurs-2025-300x212.jpg 300w, https:\/\/jogging.synazone.net\/athus\/wp-content\/uploads\/sites\/12\/2025\/12\/CAP-7-km-joggeurs-2025-1024x724.jpg 1024w, https:\/\/jogging.synazone.net\/athus\/wp-content\/uploads\/sites\/12\/2025\/12\/CAP-7-km-joggeurs-2025-768x543.jpg 768w, https:\/\/jogging.synazone.net\/athus\/wp-content\/uploads\/sites\/12\/2025\/12\/CAP-7-km-joggeurs-2025-1536x1086.jpg 1536w, https:\/\/jogging.synazone.net\/athus\/wp-content\/uploads\/sites\/12\/2025\/12\/CAP-7-km-joggeurs-2025-2048x1448.jpg 2048w, https:\/\/jogging.synazone.net\/athus\/wp-content\/uploads\/sites\/12\/2025\/12\/CAP-7-km-joggeurs-2025-1000x707.jpg 1000w, https:\/\/jogging.synazone.net\/athus\/wp-content\/uploads\/sites\/12\/2025\/12\/CAP-7-km-joggeurs-2025-230x163.jpg 230w, https:\/\/jogging.synazone.net\/athus\/wp-content\/uploads\/sites\/12\/2025\/12\/CAP-7-km-joggeurs-2025-350x248.jpg 350w, https:\/\/jogging.synazone.net\/athus\/wp-content\/uploads\/sites\/12\/2025\/12\/CAP-7-km-joggeurs-2025-480x339.jpg 480w\" sizes=\"(max-width: 2560px) 100vw, 2560px\" title=\"Parcours Joggeurs 7 km\" alt=\"\" \t\tclass=\"so-widget-image\"\/>\n\t\t\t<\/a><\/div>\n\n<\/div><\/div><\/div><\/div><div id=\"pgc-1998-1-1\"  class=\"panel-grid-cell\" ><div id=\"panel-1998-1-1-0\" class=\"so-panel widget widget_sow-image panel-first-child panel-last-child\" data-index=\"6\" ><div style=\"text-align: left;\" data-title-color=\"#443f3f\" data-headings-color=\"#443f3f\" class=\"panel-widget-style panel-widget-style-for-1998-1-1-0\" ><div\n\t\t\t\n\t\t\tclass=\"so-widget-sow-image so-widget-sow-image-default-8b5b6f678277-1998\"\n\t\t\t\n\t\t><h3 class=\"widget-title\">Parcours marcheurs 5,5km<\/h3>\n<div class=\"sow-image-container\">\n\t\t\t<a href=\"https:\/\/idelux.synazone.net\/jogging\/traces\/57\"\n\t\t\ttarget=\"_blank\" rel=\"noopener noreferrer\" \t\t>\n\t\t\t<img \n\tsrc=\"https:\/\/jogging.synazone.net\/athus\/wp-content\/uploads\/sites\/12\/2024\/04\/chrome_WeWVZ0MniM.png\" width=\"1459\" height=\"726\" srcset=\"https:\/\/jogging.synazone.net\/athus\/wp-content\/uploads\/sites\/12\/2024\/04\/chrome_WeWVZ0MniM.png 1459w, https:\/\/jogging.synazone.net\/athus\/wp-content\/uploads\/sites\/12\/2024\/04\/chrome_WeWVZ0MniM-300x149.png 300w, https:\/\/jogging.synazone.net\/athus\/wp-content\/uploads\/sites\/12\/2024\/04\/chrome_WeWVZ0MniM-1024x510.png 1024w, https:\/\/jogging.synazone.net\/athus\/wp-content\/uploads\/sites\/12\/2024\/04\/chrome_WeWVZ0MniM-768x382.png 768w, https:\/\/jogging.synazone.net\/athus\/wp-content\/uploads\/sites\/12\/2024\/04\/chrome_WeWVZ0MniM-1000x498.png 1000w, https:\/\/jogging.synazone.net\/athus\/wp-content\/uploads\/sites\/12\/2024\/04\/chrome_WeWVZ0MniM-230x114.png 230w, https:\/\/jogging.synazone.net\/athus\/wp-content\/uploads\/sites\/12\/2024\/04\/chrome_WeWVZ0MniM-350x174.png 350w, https:\/\/jogging.synazone.net\/athus\/wp-content\/uploads\/sites\/12\/2024\/04\/chrome_WeWVZ0MniM-480x239.png 480w\" sizes=\"(max-width: 1459px) 100vw, 1459px\" title=\"Parcours marcheurs 5,5km\" alt=\"\" \t\tclass=\"so-widget-image\"\/>\n\t\t\t<\/a><\/div>\n\n<\/div><\/div><\/div><\/div><\/div><\/div><div id=\"pg-1998-2\"  class=\"panel-grid panel-has-style\" ><div style=\"padding: 100px 0; \" data-overlay=\"true\" data-overlay-color=\"#000000\" class=\"panel-row-style panel-row-style-for-1998-2\" ><div id=\"pgc-1998-2-0\"  class=\"panel-grid-cell\" ><div id=\"panel-1998-2-0-0\" class=\"so-panel widget widget_sow-editor panel-first-child\" data-index=\"7\" ><div style=\"text-align: left;\" data-title-color=\"#443f3f\" data-headings-color=\"#443f3f\" class=\"panel-widget-style panel-widget-style-for-1998-2-0-0\" ><div\n\t\t\t\n\t\t\tclass=\"so-widget-sow-editor so-widget-sow-editor-base\"\n\t\t\t\n\t\t><h3 class=\"widget-title\">Faites un don<\/h3>\n<div class=\"siteorigin-widget-tinymce textwidget\">\n\t<\/div>\n<\/div><\/div><\/div><div id=\"panel-1998-2-0-1\" class=\"so-panel widget widget_sow-button panel-last-child\" data-index=\"8\" ><div style=\"text-align: left;\" data-title-color=\"#443f3f\" data-headings-color=\"#443f3f\" class=\"panel-widget-style panel-widget-style-for-1998-2-0-1\" ><div\n\t\t\t\n\t\t\tclass=\"so-widget-sow-button so-widget-sow-button-atom-43a41ba1ec31-1998\"\n\t\t\t\n\t\t><div class=\"ow-button-base ow-button-align-center\"\n>\n\t\t\t<a\n\t\t\t\t\thref=\"http:\/\/ela-asso.be\/index.php\/faites-un-don\/\"\n\t\t\t\t\tclass=\"sowb-button ow-icon-placement-left ow-button-hover\" target=\"_blank\" rel=\"noopener noreferrer\" \t>\n\t\t<span>\n\t\t\t\n\t\t\tJe fais un don\t\t<\/span>\n\t\t\t<\/a>\n\t<\/div>\n<\/div><\/div><\/div><\/div><div id=\"pgc-1998-2-1\"  class=\"panel-grid-cell\" ><div id=\"panel-1998-2-1-0\" class=\"so-panel widget widget_sow-image panel-first-child panel-last-child\" data-index=\"9\" ><div style=\"text-align: left;\" data-title-color=\"#443f3f\" data-headings-color=\"#443f3f\" class=\"panel-widget-style panel-widget-style-for-1998-2-1-0\" ><div\n\t\t\t\n\t\t\tclass=\"so-widget-sow-image so-widget-sow-image-default-8b5b6f678277-1998\"\n\t\t\t\n\t\t><\/div><\/div><\/div><\/div><\/div><\/div><\/div>","protected":false},"excerpt":{"rendered":"<p>L&rsquo;\u00e9dition 2026 du challenge Inter-Entreprises Luxembourgeois se fera : Rendez-vous le Jeudi 23 avril 2026 &nbsp; Les inscriptions sont ouvertes Cl\u00f4ture des [&hellip;]<\/p>\n","protected":false},"author":8,"featured_media":0,"parent":0,"menu_order":0,"comment_status":"closed","ping_status":"closed","template":"page-templates\/page_fullwidth.php","meta":{"footnotes":""},"class_list":["post-1998","page","type-page","status-publish","hentry"],"_links":{"self":[{"href":"https:\/\/jogging.synazone.net\/athus\/wp-json\/wp\/v2\/pages\/1998","targetHints":{"allow":["GET"]}}],"collection":[{"href":"https:\/\/jogging.synazone.net\/athus\/wp-json\/wp\/v2\/pages"}],"about":[{"href":"https:\/\/jogging.synazone.net\/athus\/wp-json\/wp\/v2\/types\/page"}],"author":[{"embeddable":true,"href":"https:\/\/jogging.synazone.net\/athus\/wp-json\/wp\/v2\/users\/8"}],"replies":[{"embeddable":true,"href":"https:\/\/jogging.synazone.net\/athus\/wp-json\/wp\/v2\/comments?post=1998"}],"version-history":[{"count":76,"href":"https:\/\/jogging.synazone.net\/athus\/wp-json\/wp\/v2\/pages\/1998\/revisions"}],"predecessor-version":[{"id":2303,"href":"https:\/\/jogging.synazone.net\/athus\/wp-json\/wp\/v2\/pages\/1998\/revisions\/2303"}],"wp:attachment":[{"href":"https:\/\/jogging.synazone.net\/athus\/wp-json\/wp\/v2\/media?parent=1998"}],"curies":[{"name":"wp","href":"https:\/\/api.w.org\/{rel}","templated":true}]}}