{"id":4,"date":"2017-04-21T09:54:43","date_gmt":"2017-04-21T07:54:43","guid":{"rendered":"https:\/\/jogging.liegesciencepark.net\/?page_id=4"},"modified":"2026-03-17T16:22:37","modified_gmt":"2026-03-17T15:22:37","slug":"home","status":"publish","type":"page","link":"https:\/\/jogging.synazone.net\/aeropole\/","title":{"rendered":"Home"},"content":{"rendered":"<div id=\"pl-4\"  class=\"panel-layout\" ><div id=\"pg-4-0\"  class=\"panel-grid panel-has-style\" ><div style=\"padding: 100px 0; \" data-overlay=\"true\" data-overlay-color=\"#000000\" class=\"panel-row-style panel-row-style-for-4-0\" ><div id=\"pgc-4-0-0\"  class=\"panel-grid-cell\" ><div id=\"panel-4-0-0-0\" class=\"so-panel widget widget_sow-editor panel-first-child\" data-index=\"0\" ><div style=\"text-align: left;\" data-title-color=\"#443f3f\" data-headings-color=\"#443f3f\" class=\"panel-widget-style panel-widget-style-for-4-0-0-0\" ><div\n\t\t\t\n\t\t\tclass=\"so-widget-sow-editor so-widget-sow-editor-base\"\n\t\t\t\n\t\t><h3 class=\"widget-title\">Jogging-Marche  Entreprises-Universit\u00e9 de Charleroi du 11 septembre 2026<\/h3>\n<div class=\"siteorigin-widget-tinymce textwidget\">\n\t<\/div>\n<\/div><\/div><\/div><div id=\"panel-4-0-0-1\" class=\"so-panel widget widget_sow-image\" data-index=\"1\" ><div style=\"text-align: left;\" data-title-color=\"#443f3f\" data-headings-color=\"#443f3f\" class=\"panel-widget-style panel-widget-style-for-4-0-0-1\" ><div\n\t\t\t\n\t\t\tclass=\"so-widget-sow-image so-widget-sow-image-default-8b5b6f678277-4\"\n\t\t\t\n\t\t>\n<div class=\"sow-image-container\">\n\t\t<img \n\tsrc=\"https:\/\/jogging.synazone.net\/aeropole\/wp-content\/uploads\/sites\/8\/2026\/03\/Aeropole-Affiche-Nouvelle-version-scaled.jpg\" width=\"2560\" height=\"1280\" srcset=\"https:\/\/jogging.synazone.net\/aeropole\/wp-content\/uploads\/sites\/8\/2026\/03\/Aeropole-Affiche-Nouvelle-version-scaled.jpg 2560w, https:\/\/jogging.synazone.net\/aeropole\/wp-content\/uploads\/sites\/8\/2026\/03\/Aeropole-Affiche-Nouvelle-version-300x150.jpg 300w, https:\/\/jogging.synazone.net\/aeropole\/wp-content\/uploads\/sites\/8\/2026\/03\/Aeropole-Affiche-Nouvelle-version-1024x512.jpg 1024w, https:\/\/jogging.synazone.net\/aeropole\/wp-content\/uploads\/sites\/8\/2026\/03\/Aeropole-Affiche-Nouvelle-version-768x384.jpg 768w, https:\/\/jogging.synazone.net\/aeropole\/wp-content\/uploads\/sites\/8\/2026\/03\/Aeropole-Affiche-Nouvelle-version-1536x768.jpg 1536w, https:\/\/jogging.synazone.net\/aeropole\/wp-content\/uploads\/sites\/8\/2026\/03\/Aeropole-Affiche-Nouvelle-version-2048x1024.jpg 2048w, https:\/\/jogging.synazone.net\/aeropole\/wp-content\/uploads\/sites\/8\/2026\/03\/Aeropole-Affiche-Nouvelle-version-1000x500.jpg 1000w, https:\/\/jogging.synazone.net\/aeropole\/wp-content\/uploads\/sites\/8\/2026\/03\/Aeropole-Affiche-Nouvelle-version-230x115.jpg 230w, https:\/\/jogging.synazone.net\/aeropole\/wp-content\/uploads\/sites\/8\/2026\/03\/Aeropole-Affiche-Nouvelle-version-350x175.jpg 350w, https:\/\/jogging.synazone.net\/aeropole\/wp-content\/uploads\/sites\/8\/2026\/03\/Aeropole-Affiche-Nouvelle-version-480x240.jpg 480w\" sizes=\"(max-width: 2560px) 100vw, 2560px\" title=\"Aeropole-Affiche-Nouvelle version\" alt=\"\" \t\tclass=\"so-widget-image\"\/>\n\t<\/div>\n\n<\/div><\/div><\/div><div id=\"panel-4-0-0-2\" class=\"so-panel widget widget_sow-editor\" data-index=\"2\" ><div style=\"text-align: left;\" data-title-color=\"#443f3f\" data-headings-color=\"#443f3f\" class=\"panel-widget-style panel-widget-style-for-4-0-0-2\" ><div\n\t\t\t\n\t\t\tclass=\"so-widget-sow-editor so-widget-sow-editor-base\"\n\t\t\t\n\t\t>\n<div class=\"siteorigin-widget-tinymce textwidget\">\n\t<p style=\"text-align: center\">L'\u00e9dition 2026 du Challenge Entreprise-Universit\u00e9 de Charleroi A\u00e9ropole se d\u00e9roulera \u00e0 partir de<\/p>\n<p style=\"text-align: center\"><strong>D\u00e9part de l\u2019H\u00f4tel <\/strong><\/p>\n<p style=\"text-align: center\"><strong>IBIS STYLE AERO 44 ! <\/strong><\/p>\n<p style=\"text-align: center\">Vous pourrez participer le vendredi 11 septembre de 12h \u00e0 14h.<\/p>\n<p style=\"text-align: center\"><em><strong>Cl\u00f4ture des inscriptions le mercredi 02 septembre 2026.<\/strong><\/em><\/p>\n<p>&nbsp;<\/p>\n<\/div>\n<\/div><\/div><\/div><div id=\"panel-4-0-0-3\" class=\"so-panel widget widget_sow-button panel-last-child\" data-index=\"3\" ><div style=\"text-align: left;\" data-title-color=\"#443f3f\" data-headings-color=\"#443f3f\" class=\"panel-widget-style panel-widget-style-for-4-0-0-3\" ><div\n\t\t\t\n\t\t\tclass=\"so-widget-sow-button so-widget-sow-button-atom-d9355c65e632-4\"\n\t\t\t\n\t\t><div class=\"ow-button-base ow-button-align-center\"\n>\n\t\t\t<a\n\t\t\t\t\thref=\"http:\/\/ela-asso.be\/index.php\/faites-un-don\/\"\n\t\t\t\t\tclass=\"sowb-button ow-icon-placement-left ow-button-hover\" target=\"_blank\" rel=\"noopener noreferrer\" \t>\n\t\t<span>\n\t\t\t\n\t\t\tJe fais un don\t\t<\/span>\n\t\t\t<\/a>\n\t<\/div>\n<\/div><\/div><\/div><\/div><\/div><\/div><div id=\"pg-4-1\"  class=\"panel-grid panel-has-style\" ><div style=\"padding: 100px 0; \" data-overlay=\"true\" data-overlay-color=\"#000000\" class=\"panel-row-style panel-row-style-for-4-1\" ><div id=\"pgc-4-1-0\"  class=\"panel-grid-cell\" ><div id=\"panel-4-1-0-0\" class=\"so-panel widget widget_sow-image panel-first-child panel-last-child\" data-index=\"4\" ><div style=\"text-align: left;\" data-title-color=\"#443f3f\" data-headings-color=\"#443f3f\" class=\"panel-widget-style panel-widget-style-for-4-1-0-0\" ><div\n\t\t\t\n\t\t\tclass=\"so-widget-sow-image so-widget-sow-image-default-8b5b6f678277-4\"\n\t\t\t\n\t\t>\n<div class=\"sow-image-container\">\n\t\t<img \n\tsrc=\"https:\/\/jogging.synazone.net\/aeropole\/wp-content\/uploads\/sites\/8\/2018\/06\/accueil_aeropole.png\" width=\"667\" height=\"1000\" srcset=\"https:\/\/jogging.synazone.net\/aeropole\/wp-content\/uploads\/sites\/8\/2018\/06\/accueil_aeropole.png 667w, https:\/\/jogging.synazone.net\/aeropole\/wp-content\/uploads\/sites\/8\/2018\/06\/accueil_aeropole-200x300.png 200w, https:\/\/jogging.synazone.net\/aeropole\/wp-content\/uploads\/sites\/8\/2018\/06\/accueil_aeropole-230x345.png 230w, https:\/\/jogging.synazone.net\/aeropole\/wp-content\/uploads\/sites\/8\/2018\/06\/accueil_aeropole-350x525.png 350w, https:\/\/jogging.synazone.net\/aeropole\/wp-content\/uploads\/sites\/8\/2018\/06\/accueil_aeropole-480x720.png 480w\" sizes=\"(max-width: 667px) 100vw, 667px\" alt=\"\" \t\tclass=\"so-widget-image\"\/>\n\t<\/div>\n\n<\/div><\/div><\/div><\/div><div id=\"pgc-4-1-1\"  class=\"panel-grid-cell\" ><div id=\"panel-4-1-1-0\" class=\"so-panel widget widget_sow-editor panel-first-child\" data-index=\"5\" ><div style=\"text-align: left;\" data-title-color=\"#443f3f\" data-headings-color=\"#443f3f\" class=\"panel-widget-style panel-widget-style-for-4-1-1-0\" ><div\n\t\t\t\n\t\t\tclass=\"so-widget-sow-editor so-widget-sow-editor-base\"\n\t\t\t\n\t\t><h3 class=\"widget-title\">FORMULE <\/h3>\n<div class=\"siteorigin-widget-tinymce textwidget\">\n\t<p>Les participants peuvent :<\/p>\n<ul>\n<li>S'inscrire :\u00a0 prix unique de 25\u20ac<\/li>\n<li>Repas: Pain saucisse ou Pain fromage: 6\u20ac<\/li>\n<li>Soft: 2.50\u20ac<\/li>\n<li>Faire un don \u00e0 tout moment<\/li>\n<li>Commander des goodies<\/li>\n<\/ul>\n<p>Les dons sont \u00e0 effectuer sur le compte de l\u2019Association : ELA n\u00b0 BE66 1144 7275 0143 avec la mention <strong>Challenge CHARLEROI 2026<\/strong>.<\/p>\n<p>Tous les versements sup\u00e9rieurs \u00e0 40 \u20ac sont d\u00e9ductibles de vos imp\u00f4ts.<\/p>\n<p>&nbsp;<\/p>\n<p>&nbsp;<\/p>\n<p>&nbsp;<\/p>\n<\/div>\n<\/div><\/div><\/div><div id=\"panel-4-1-1-1\" class=\"so-panel widget widget_sow-button panel-last-child\" data-index=\"6\" ><div style=\"text-align: left;\" data-title-color=\"#443f3f\" data-headings-color=\"#443f3f\" class=\"panel-widget-style panel-widget-style-for-4-1-1-1\" ><div\n\t\t\t\n\t\t\tclass=\"so-widget-sow-button so-widget-sow-button-atom-d9355c65e632-4\"\n\t\t\t\n\t\t><div class=\"ow-button-base ow-button-align-center\"\n>\n\t\t\t<a\n\t\t\t\t\thref=\"https:\/\/aeropole.synazone.net\/jogging\"\n\t\t\t\t\tclass=\"sowb-button ow-icon-placement-left ow-button-hover\" target=\"_blank\" rel=\"noopener noreferrer\" \t>\n\t\t<span>\n\t\t\t\n\t\t\tJe m'inscris\t\t<\/span>\n\t\t\t<\/a>\n\t<\/div>\n<\/div><\/div><\/div><\/div><\/div><\/div><div id=\"pg-4-2\"  class=\"panel-grid panel-has-style\" ><div style=\"padding: 100px 0; \" data-overlay=\"true\" data-overlay-color=\"#000000\" class=\"panel-row-style panel-row-style-for-4-2\" ><div id=\"pgc-4-2-0\"  class=\"panel-grid-cell\" ><div id=\"panel-4-2-0-0\" class=\"so-panel widget widget_sow-editor panel-first-child\" data-index=\"7\" ><div style=\"text-align: left;\" data-title-color=\"#443f3f\" data-headings-color=\"#443f3f\" class=\"panel-widget-style panel-widget-style-for-4-2-0-0\" ><div\n\t\t\t\n\t\t\tclass=\"so-widget-sow-editor so-widget-sow-editor-base\"\n\t\t\t\n\t\t><h3 class=\"widget-title\">B\u00e9n\u00e9fices au profit d'ELA<\/h3>\n<div class=\"siteorigin-widget-tinymce textwidget\">\n\t<p>La totalit\u00e9 des b\u00e9n\u00e9ficies de cette op\u00e9ration sera vers\u00e9e \u00e0 l\u2019association <a href=\"http:\/\/www.ela.be\" target=\"_blank\" rel=\"noopener noreferrer\">ELA Belgique<\/a> pour soutenir la lutte contre les leucodystrophies, terribles maladies g\u00e9n\u00e9tiques et orphelines. Incurables, elles atteignent le syst\u00e8me nerveux central et d\u00e9truisent peu \u00e0 peu toutes les fonctions vitales.<\/p>\n<p>Cela fait quinze ans (d\u00e9j\u00e0) que l\u2019association ELA Belgique organise, en partenariat avec IGRETEC et le GO CLUB, et trois ans avec l'Hotel Aero 44, sur le Parc scientifique et technologique de l\u2019AEROPOLE, un jogging-marche caritatif et solidaire dont les b\u00e9n\u00e9fices serviront \u00e0 lutter contre les Leucodystrophies, des maladies g\u00e9n\u00e9tiques orphelines qui provoquent une d\u00e9g\u00e9n\u00e9rescence irr\u00e9versible.<\/p>\n<p>Les joggings inter-entreprises repr\u00e9sentent 80% des recettes d\u2019ELA Belgique. En 15 ans, l\u2019\u00e9v\u00e9nement de CHARLEROI a rassembl\u00e9 <strong>7.951<\/strong><b>\u00a0<\/b>personnes et <strong>235.866 \u20ac.<\/strong><\/p>\n<p>&nbsp;<\/p>\n<p><strong>Et c\u2019est gr\u00e2ce \u00e0 vous, futur participant ou sponsor, que la lutte contre les Leucodystrophies pourra continuer.<\/strong><\/p>\n<p>Les dons sont \u00e0 effectuer sur le compte de l\u2019Association : ELA n\u00b0 BE66 1144 7275 0143 avec la mention <strong>Challenge CHARLEROI 2026<\/strong>.<\/p>\n<p>Tous les versements sup\u00e9rieurs \u00e0 40\u00a0\u20ac sont d\u00e9ductibles de vos imp\u00f4ts.<\/p>\n<\/div>\n<\/div><\/div><\/div><div id=\"panel-4-2-0-1\" class=\"so-panel widget widget_sow-button panel-last-child\" data-index=\"8\" ><div style=\"text-align: left;\" data-title-color=\"#443f3f\" data-headings-color=\"#443f3f\" class=\"panel-widget-style panel-widget-style-for-4-2-0-1\" ><div\n\t\t\t\n\t\t\tclass=\"so-widget-sow-button so-widget-sow-button-atom-d9355c65e632-4\"\n\t\t\t\n\t\t><div class=\"ow-button-base ow-button-align-center\"\n>\n\t\t\t<a\n\t\t\t\t\thref=\"http:\/\/ela-asso.be\/index.php\/faites-un-don\/\"\n\t\t\t\t\tclass=\"sowb-button ow-icon-placement-left ow-button-hover\" target=\"_blank\" rel=\"noopener noreferrer\" \t>\n\t\t<span>\n\t\t\t\n\t\t\tJe fais un don\t\t<\/span>\n\t\t\t<\/a>\n\t<\/div>\n<\/div><\/div><\/div><\/div><div id=\"pgc-4-2-1\"  class=\"panel-grid-cell\" ><div id=\"panel-4-2-1-0\" class=\"so-panel widget widget_sow-image panel-first-child panel-last-child\" data-index=\"9\" ><div style=\"text-align: left;\" data-title-color=\"#443f3f\" data-headings-color=\"#443f3f\" class=\"panel-widget-style panel-widget-style-for-4-2-1-0\" ><div\n\t\t\t\n\t\t\tclass=\"so-widget-sow-image so-widget-sow-image-default-8b5b6f678277-4\"\n\t\t\t\n\t\t>\n<div class=\"sow-image-container\">\n\t\t<img \n\tsrc=\"https:\/\/jogging.synazone.net\/aeropole\/wp-content\/uploads\/sites\/8\/2018\/06\/accueil_aeropole_2.png\" width=\"667\" height=\"1000\" srcset=\"https:\/\/jogging.synazone.net\/aeropole\/wp-content\/uploads\/sites\/8\/2018\/06\/accueil_aeropole_2.png 667w, https:\/\/jogging.synazone.net\/aeropole\/wp-content\/uploads\/sites\/8\/2018\/06\/accueil_aeropole_2-200x300.png 200w, https:\/\/jogging.synazone.net\/aeropole\/wp-content\/uploads\/sites\/8\/2018\/06\/accueil_aeropole_2-230x345.png 230w, https:\/\/jogging.synazone.net\/aeropole\/wp-content\/uploads\/sites\/8\/2018\/06\/accueil_aeropole_2-350x525.png 350w, https:\/\/jogging.synazone.net\/aeropole\/wp-content\/uploads\/sites\/8\/2018\/06\/accueil_aeropole_2-480x720.png 480w\" sizes=\"(max-width: 667px) 100vw, 667px\" alt=\"\" \t\tclass=\"so-widget-image\"\/>\n\t<\/div>\n\n<\/div><\/div><\/div><\/div><\/div><\/div><\/div>","protected":false},"excerpt":{"rendered":"<p>L&rsquo;\u00e9dition 2026 du Challenge Entreprise-Universit\u00e9 de Charleroi A\u00e9ropole se d\u00e9roulera \u00e0 partir de D\u00e9part de l\u2019H\u00f4tel IBIS STYLE AERO 44 ! Vous [&hellip;]<\/p>\n","protected":false},"author":8,"featured_media":0,"parent":0,"menu_order":0,"comment_status":"closed","ping_status":"closed","template":"page-templates\/page_front-page.php","meta":{"footnotes":""},"class_list":["post-4","page","type-page","status-publish","hentry"],"_links":{"self":[{"href":"https:\/\/jogging.synazone.net\/aeropole\/wp-json\/wp\/v2\/pages\/4","targetHints":{"allow":["GET"]}}],"collection":[{"href":"https:\/\/jogging.synazone.net\/aeropole\/wp-json\/wp\/v2\/pages"}],"about":[{"href":"https:\/\/jogging.synazone.net\/aeropole\/wp-json\/wp\/v2\/types\/page"}],"author":[{"embeddable":true,"href":"https:\/\/jogging.synazone.net\/aeropole\/wp-json\/wp\/v2\/users\/8"}],"replies":[{"embeddable":true,"href":"https:\/\/jogging.synazone.net\/aeropole\/wp-json\/wp\/v2\/comments?post=4"}],"version-history":[{"count":236,"href":"https:\/\/jogging.synazone.net\/aeropole\/wp-json\/wp\/v2\/pages\/4\/revisions"}],"predecessor-version":[{"id":3095,"href":"https:\/\/jogging.synazone.net\/aeropole\/wp-json\/wp\/v2\/pages\/4\/revisions\/3095"}],"wp:attachment":[{"href":"https:\/\/jogging.synazone.net\/aeropole\/wp-json\/wp\/v2\/media?parent=4"}],"curies":[{"name":"wp","href":"https:\/\/api.w.org\/{rel}","templated":true}]}}